{"id":9464,"date":"2025-01-14T19:14:19","date_gmt":"2025-01-14T22:14:19","guid":{"rendered":"https:\/\/educacaocomproposito.com.br\/?post_type=product&#038;p=9464"},"modified":"2025-08-26T14:50:19","modified_gmt":"2025-08-26T17:50:19","slug":"moldura-para-bambole-tema-volta-as-aulas-2025-aquarela","status":"publish","type":"product","link":"https:\/\/educacaocomproposito.com.br\/index.php\/product\/moldura-para-bambole-tema-volta-as-aulas-2025-aquarela\/","title":{"rendered":"Moldura para Bambol\u00ea &#8211; Tema Volta \u00e0s Aulas 2025 &#8211; Aquarela"},"content":{"rendered":"<p><strong>Caracter\u00edsticas do Produto<\/strong>:<br \/><strong>Tema:<\/strong> Aquarela, com cores vibrantes e elementos delicados que encantam.<br \/><strong>Formato:<\/strong> Arquivo digital pronto para impress\u00e3o em <strong>14 p\u00e1ginas A4<\/strong>.<br \/><strong>F\u00e1cil Montagem:<\/strong> Acompanha um tutorial detalhado para montagem pr\u00e1tica e sem complica\u00e7\u00f5es.<br \/><strong>Versatilidade:<\/strong> Perfeito para recep\u00e7\u00f5es, eventos escolares e registros fotogr\u00e1ficos de boas-vindas.<\/p>\n<p><strong>Detalhes T\u00e9cnicos:<\/strong><br \/>Arquivo 100% digital. N\u00c3O ENVIAMOS PELOS CORREIOS.<\/p>\n<p><strong>\ud83d\udce5 Como acessar seu arquivo<br \/>Ap\u00f3s a confirma\u00e7\u00e3o do pagamento, voc\u00ea poder\u00e1 baixar o seu produto de tr\u00eas formas pr\u00e1ticas:<br \/><\/strong>1\ufe0f\u20e3 Via e-mail<br \/>Voc\u00ea receber\u00e1 um e-mail com o t\u00edtulo \u201cSeu arquivo chegou\u201d.<br \/>Lembre-se de verificar tamb\u00e9m a caixa de Spam\/Lixo eletr\u00f4nico.<br \/>Para baixar, clique em todos os t\u00edtulos destacados e sublinhados na se\u00e7\u00e3o de Downloads.<br \/>2\ufe0f\u20e3 Via WhatsApp<br \/>Voc\u00ea receber\u00e1 uma mensagem autom\u00e1tica em seu WhatsApp.<br \/>Para receber o arquivo por l\u00e1, basta clicar no bot\u00e3o: \u201cRECEBER meu pedido aqui\u201d.<br \/>3\ufe0f\u20e3 Na sua \u00c1rea do Cliente (site)<br \/>Clique nas tr\u00eas linhas no canto superior esquerdo.<br \/>Acesse Minha Conta &gt; Downloads.<br \/>Baixe diretamente todos os produtos adquiridos.<br \/><strong>\ud83d\udccc Qualquer d\u00favida, nosso suporte est\u00e1 \u00e0 disposi\u00e7\u00e3o:<br \/>(11) 94050-7483.<\/strong><\/p>\n","protected":false},"excerpt":{"rendered":"<p>Receba a volta \u00e0s aulas com estilo e criatividade com nossa <strong>Moldura para Bambol\u00ea &#8211; Tema Aquarela<\/strong>! Ideal para fotos inesquec\u00edveis e um ambiente acolhedor, este produto foi pensado para trazer praticidade e beleza ao seu retorno \u00e0s aulas.<\/p>\n","protected":false},"featured_media":9466,"comment_status":"open","ping_status":"closed","template":"","meta":{"bwfblock_default_font":"","_uf_show_specific_survey":0,"_uf_disable_surveys":false},"product_brand":[],"product_cat":[71],"product_tag":[52],"class_list":{"0":"post-9464","1":"product","2":"type-product","3":"status-publish","4":"has-post-thumbnail","6":"product_cat-volta-as-aulas","7":"product_tag-volta-as-aulas","9":"first","10":"instock","11":"sale","12":"downloadable","13":"virtual","14":"sold-individually","15":"taxable","16":"purchasable","17":"product-type-simple"},"aioseo_notices":[],"_links":{"self":[{"href":"https:\/\/educacaocomproposito.com.br\/index.php\/wp-json\/wp\/v2\/product\/9464","targetHints":{"allow":["GET"]}}],"collection":[{"href":"https:\/\/educacaocomproposito.com.br\/index.php\/wp-json\/wp\/v2\/product"}],"about":[{"href":"https:\/\/educacaocomproposito.com.br\/index.php\/wp-json\/wp\/v2\/types\/product"}],"replies":[{"embeddable":true,"href":"https:\/\/educacaocomproposito.com.br\/index.php\/wp-json\/wp\/v2\/comments?post=9464"}],"version-history":[{"count":2,"href":"https:\/\/educacaocomproposito.com.br\/index.php\/wp-json\/wp\/v2\/product\/9464\/revisions"}],"predecessor-version":[{"id":61986,"href":"https:\/\/educacaocomproposito.com.br\/index.php\/wp-json\/wp\/v2\/product\/9464\/revisions\/61986"}],"wp:featuredmedia":[{"embeddable":true,"href":"https:\/\/educacaocomproposito.com.br\/index.php\/wp-json\/wp\/v2\/media\/9466"}],"wp:attachment":[{"href":"https:\/\/educacaocomproposito.com.br\/index.php\/wp-json\/wp\/v2\/media?parent=9464"}],"wp:term":[{"taxonomy":"product_brand","embeddable":true,"href":"https:\/\/educacaocomproposito.com.br\/index.php\/wp-json\/wp\/v2\/product_brand?post=9464"},{"taxonomy":"product_cat","embeddable":true,"href":"https:\/\/educacaocomproposito.com.br\/index.php\/wp-json\/wp\/v2\/product_cat?post=9464"},{"taxonomy":"product_tag","embeddable":true,"href":"https:\/\/educacaocomproposito.com.br\/index.php\/wp-json\/wp\/v2\/product_tag?post=9464"}],"curies":[{"name":"wp","href":"https:\/\/api.w.org\/{rel}","templated":true}]}}