{"id":95194,"date":"2026-01-28T20:33:34","date_gmt":"2026-01-28T23:33:34","guid":{"rendered":"https:\/\/educacaocomproposito.com.br\/?post_type=product&#038;p=95194"},"modified":"2026-04-18T01:05:55","modified_gmt":"2026-04-18T04:05:55","slug":"kit-12-meses-de-cuidado-com-quem-educa","status":"publish","type":"product","link":"https:\/\/educacaocomproposito.com.br\/index.php\/product\/kit-12-meses-de-cuidado-com-quem-educa\/","title":{"rendered":"Kit &#8211; 12 Meses de Cuidado com Quem Educa"},"content":{"rendered":"<p><strong>\ud83d\udce6 O QUE EST\u00c1 INCLUSO NO KIT<\/strong><\/p>\n<p>\u2714\ufe0f <strong>12 Cartinhas mensais (Janeiro a Dezembro)<\/strong><br \/>\u2714\ufe0f <strong>12 Lembrancinhas tem\u00e1ticas<\/strong>, sendo:<br \/>-Janeiro: R\u00f3tulo para suculenta<br \/>-Fevereiro: Marca-p\u00e1gina<br \/>-Mar\u00e7o: Cachep\u00f4 para mini suspiros<br \/>-Abril: Tag para sach\u00ea de ch\u00e1<br \/>-Maio: Tag para espelho de bolsa<br \/>-Junho: Tag para l\u00e1pis ou caneta<br \/>-Julho: Tag para caf\u00e9 sol\u00favel<br \/>-Agosto: Tag para Post-it<br \/>-Setembro: Tag para bombom Ouro Branco<br \/>-Outubro: Tag para chocolate Bis<br \/>-Novembro: Tag para tablete de chocolate Talento<br \/>-Dezembro: Tag para Mini Fini<\/p>\n<p>\ud83c\udfa5\u00a0<strong>Tutoriais e orienta\u00e7\u00f5es de uso<\/strong><br \/>Materiais explicativos que auxiliam na montagem dos itens citados acima, garantindo um uso pr\u00e1tico e sem dificuldades.<\/p>\n<p><strong>Detalhes T\u00e9cnicos:<\/strong><br \/>\ud83d\udcc4 Material\u00a0<strong>100% digital (PDF)<\/strong><br \/>\ud83d\udcc2 O material \u00e9 organizado em <strong>2 PDFs<\/strong>, facilitando a navega\u00e7\u00e3o:<br \/>\ud83d\udda8\ufe0f Pronto para imprimir<br \/>\ud83d\udd10 Direitos autorais<br \/>Material protegido por direitos autorais.<br \/>\ud83d\udeab Uso pessoal e pedag\u00f3gico \u2013\u00a0<strong>proibida a redistribui\u00e7\u00e3o ou comercializa\u00e7\u00e3o<\/strong>\u00a0<strong>do material f\u00edsico ou digital<\/strong>.<br \/>\u26a0\ufe0f N\u00e3o enviamos pelos CORREIOS.<br \/>\u26a0\ufe0f Aten\u00e7\u00e3o: Este produto n\u00e3o \u00e9 clipart e n\u00e3o disponibilizamos a arte aberta.<\/p>\n<p><strong>\ud83d\udce5 Como acessar seu arquivo<br \/>Ap\u00f3s a confirma\u00e7\u00e3o do pagamento, voc\u00ea poder\u00e1 baixar o seu produto de tr\u00eas formas pr\u00e1ticas:<br \/><\/strong>1\ufe0f\u20e3 Via e-mail<br \/>Voc\u00ea receber\u00e1 um e-mail com o t\u00edtulo \u201cSeu arquivo chegou\u201d.<br \/>Lembre-se de verificar tamb\u00e9m a caixa de Spam\/Lixo eletr\u00f4nico.<br \/>Para baixar, clique em todos os t\u00edtulos destacados e sublinhados na se\u00e7\u00e3o de Downloads.<br \/>2\ufe0f\u20e3 Via WhatsApp<br \/>Voc\u00ea receber\u00e1 uma mensagem autom\u00e1tica em seu WhatsApp.<br \/>Para receber o arquivo por l\u00e1, basta clicar no bot\u00e3o: \u201cRECEBER meu pedido aqui\u201d.<br \/>3\ufe0f\u20e3 Na sua \u00c1rea do Cliente (site)<br \/>Clique nas tr\u00eas linhas no canto superior esquerdo.<br \/>Acesse Minha Conta &gt; Downloads.<br \/>Baixe diretamente todos os produtos adquiridos.<br \/><strong>\ud83d\udccc Qualquer d\u00favida, nosso suporte est\u00e1 \u00e0 disposi\u00e7\u00e3o:<br \/>(11) 94050-7483.<\/strong><\/p>\n","protected":false},"excerpt":{"rendered":"<p>Um kit completo para <strong>cuidar de quem educa durante todo o ano<\/strong>.<br \/>S\u00e3o <strong>12 meses de cartinhas reflexivas + lembrancinhas simb\u00f3licas<\/strong>, pensadas para valorizar, acolher e celebrar professores, educadores e equipes escolares com afeto, prop\u00f3sito e significado. \ud83d\udc9b<\/p>\n","protected":false},"featured_media":95213,"comment_status":"open","ping_status":"closed","template":"","meta":{"bwfblock_default_font":"","_uf_show_specific_survey":0,"_uf_disable_surveys":false},"product_brand":[],"product_cat":[38],"product_tag":[70],"class_list":{"0":"post-95194","1":"product","2":"type-product","3":"status-publish","4":"has-post-thumbnail","6":"product_cat-coordenacao-pedagogica","7":"product_tag-coordenacao-pedagogica","9":"first","10":"instock","11":"sale","12":"downloadable","13":"virtual","14":"sold-individually","15":"taxable","16":"purchasable","17":"product-type-simple"},"aioseo_notices":[],"_links":{"self":[{"href":"https:\/\/educacaocomproposito.com.br\/index.php\/wp-json\/wp\/v2\/product\/95194","targetHints":{"allow":["GET"]}}],"collection":[{"href":"https:\/\/educacaocomproposito.com.br\/index.php\/wp-json\/wp\/v2\/product"}],"about":[{"href":"https:\/\/educacaocomproposito.com.br\/index.php\/wp-json\/wp\/v2\/types\/product"}],"replies":[{"embeddable":true,"href":"https:\/\/educacaocomproposito.com.br\/index.php\/wp-json\/wp\/v2\/comments?post=95194"}],"version-history":[{"count":1,"href":"https:\/\/educacaocomproposito.com.br\/index.php\/wp-json\/wp\/v2\/product\/95194\/revisions"}],"predecessor-version":[{"id":95199,"href":"https:\/\/educacaocomproposito.com.br\/index.php\/wp-json\/wp\/v2\/product\/95194\/revisions\/95199"}],"wp:featuredmedia":[{"embeddable":true,"href":"https:\/\/educacaocomproposito.com.br\/index.php\/wp-json\/wp\/v2\/media\/95213"}],"wp:attachment":[{"href":"https:\/\/educacaocomproposito.com.br\/index.php\/wp-json\/wp\/v2\/media?parent=95194"}],"wp:term":[{"taxonomy":"product_brand","embeddable":true,"href":"https:\/\/educacaocomproposito.com.br\/index.php\/wp-json\/wp\/v2\/product_brand?post=95194"},{"taxonomy":"product_cat","embeddable":true,"href":"https:\/\/educacaocomproposito.com.br\/index.php\/wp-json\/wp\/v2\/product_cat?post=95194"},{"taxonomy":"product_tag","embeddable":true,"href":"https:\/\/educacaocomproposito.com.br\/index.php\/wp-json\/wp\/v2\/product_tag?post=95194"}],"curies":[{"name":"wp","href":"https:\/\/api.w.org\/{rel}","templated":true}]}}